{"id":1182,"date":"2023-09-18T20:53:38","date_gmt":"2023-09-18T20:53:38","guid":{"rendered":"https:\/\/demoniomuebles.com.ar\/?post_type=product&#038;p=1182"},"modified":"2025-12-11T17:59:04","modified_gmt":"2025-12-11T17:59:04","slug":"comoda-4-cajones-full-paraiso","status":"publish","type":"product","link":"https:\/\/demoniomuebles.com.ar\/?product=comoda-4-cajones-full-paraiso","title":{"rendered":"Comoda 4 Cajones Full Paraiso"},"content":{"rendered":"<p>120cm x 40cm x 60cm.de.alto. gu\u00edas telesc\u00f3picas met\u00e1licas<\/p>\n","protected":false},"excerpt":{"rendered":"<p>120cm x 40cm x 60cm.de.alto. gu\u00edas telesc\u00f3picas met\u00e1licas<\/p>\n","protected":false},"featured_media":1183,"template":"","meta":{"om_disable_all_campaigns":false,"_monsterinsights_skip_tracking":false,"_monsterinsights_sitenote_active":false,"_monsterinsights_sitenote_note":"","_monsterinsights_sitenote_category":0},"product_brand":[],"product_cat":[47],"product_tag":[],"class_list":{"0":"post-1182","1":"product","2":"type-product","3":"status-publish","4":"has-post-thumbnail","6":"product_cat-cajonera","7":"wpbf-post","10":"instock","11":"shipping-taxable","12":"purchasable","13":"product-type-simple"},"_links":{"self":[{"href":"https:\/\/demoniomuebles.com.ar\/index.php?rest_route=\/wp\/v2\/product\/1182","targetHints":{"allow":["GET"]}}],"collection":[{"href":"https:\/\/demoniomuebles.com.ar\/index.php?rest_route=\/wp\/v2\/product"}],"about":[{"href":"https:\/\/demoniomuebles.com.ar\/index.php?rest_route=\/wp\/v2\/types\/product"}],"wp:featuredmedia":[{"embeddable":true,"href":"https:\/\/demoniomuebles.com.ar\/index.php?rest_route=\/wp\/v2\/media\/1183"}],"wp:attachment":[{"href":"https:\/\/demoniomuebles.com.ar\/index.php?rest_route=%2Fwp%2Fv2%2Fmedia&parent=1182"}],"wp:term":[{"taxonomy":"product_brand","embeddable":true,"href":"https:\/\/demoniomuebles.com.ar\/index.php?rest_route=%2Fwp%2Fv2%2Fproduct_brand&post=1182"},{"taxonomy":"product_cat","embeddable":true,"href":"https:\/\/demoniomuebles.com.ar\/index.php?rest_route=%2Fwp%2Fv2%2Fproduct_cat&post=1182"},{"taxonomy":"product_tag","embeddable":true,"href":"https:\/\/demoniomuebles.com.ar\/index.php?rest_route=%2Fwp%2Fv2%2Fproduct_tag&post=1182"}],"curies":[{"name":"wp","href":"https:\/\/api.w.org\/{rel}","templated":true}]}}