{"id":1522,"date":"2024-05-22T20:55:45","date_gmt":"2024-05-22T20:55:45","guid":{"rendered":"https:\/\/demoniomuebles.com.ar\/?post_type=product&#038;p=1522"},"modified":"2025-12-11T17:59:18","modified_gmt":"2025-12-11T17:59:18","slug":"duo-paraiso-60x50-y-60x40","status":"publish","type":"product","link":"https:\/\/demoniomuebles.com.ar\/?product=duo-paraiso-60x50-y-60x40","title":{"rendered":"D\u00fao paraiso 60\u00d750 y 60\u00d740"},"content":{"rendered":"<p>Full Para\u00edso<\/p>\n<p>60cm x 50cm de alto<\/p>\n<p>60cm x 40cm de alto<\/p>\n<p>Reborde 36mm<\/p>\n<p>Base hidrolaca semi mate incolora<\/p>\n<p>Hecho a Mano<\/p>\n<p>Directo de F\u00e1brica<\/p>\n","protected":false},"excerpt":{"rendered":"<p>Full Para\u00edso 60cm x 50cm de alto 60cm x 40cm de alto Reborde 36mm Base hidrolaca semi mate incolora Hecho a Mano Directo de F\u00e1brica<\/p>\n","protected":false},"featured_media":1524,"template":"","meta":{"om_disable_all_campaigns":false,"_monsterinsights_skip_tracking":false,"_monsterinsights_sitenote_active":false,"_monsterinsights_sitenote_note":"","_monsterinsights_sitenote_category":0},"product_brand":[],"product_cat":[21,33],"product_tag":[],"class_list":{"0":"post-1522","1":"product","2":"type-product","3":"status-publish","4":"has-post-thumbnail","6":"product_cat-mesa","7":"product_cat-ratona","8":"wpbf-post","11":"instock","12":"shipping-taxable","13":"purchasable","14":"product-type-simple"},"_links":{"self":[{"href":"https:\/\/demoniomuebles.com.ar\/index.php?rest_route=\/wp\/v2\/product\/1522","targetHints":{"allow":["GET"]}}],"collection":[{"href":"https:\/\/demoniomuebles.com.ar\/index.php?rest_route=\/wp\/v2\/product"}],"about":[{"href":"https:\/\/demoniomuebles.com.ar\/index.php?rest_route=\/wp\/v2\/types\/product"}],"wp:featuredmedia":[{"embeddable":true,"href":"https:\/\/demoniomuebles.com.ar\/index.php?rest_route=\/wp\/v2\/media\/1524"}],"wp:attachment":[{"href":"https:\/\/demoniomuebles.com.ar\/index.php?rest_route=%2Fwp%2Fv2%2Fmedia&parent=1522"}],"wp:term":[{"taxonomy":"product_brand","embeddable":true,"href":"https:\/\/demoniomuebles.com.ar\/index.php?rest_route=%2Fwp%2Fv2%2Fproduct_brand&post=1522"},{"taxonomy":"product_cat","embeddable":true,"href":"https:\/\/demoniomuebles.com.ar\/index.php?rest_route=%2Fwp%2Fv2%2Fproduct_cat&post=1522"},{"taxonomy":"product_tag","embeddable":true,"href":"https:\/\/demoniomuebles.com.ar\/index.php?rest_route=%2Fwp%2Fv2%2Fproduct_tag&post=1522"}],"curies":[{"name":"wp","href":"https:\/\/api.w.org\/{rel}","templated":true}]}}