{"id":1621,"date":"2024-06-15T13:36:36","date_gmt":"2024-06-15T13:36:36","guid":{"rendered":"https:\/\/demoniomuebles.com.ar\/?post_type=product&#038;p=1621"},"modified":"2025-12-11T17:59:23","modified_gmt":"2025-12-11T17:59:23","slug":"mesa-xy-2mx1m-4-sillas-wish","status":"publish","type":"product","link":"https:\/\/demoniomuebles.com.ar\/?product=mesa-xy-2mx1m-4-sillas-wish","title":{"rendered":"Mesa XY 2mx1m + 4 Sillas Wish"},"content":{"rendered":"<p>Mesa full paraiso 2mx1m<\/p>\n<p>Pata XY a 5cm del piso<\/p>\n<p>Bastidor completo<\/p>\n<p>Base hidrolaca semi mate incolora<\/p>\n<p>Pulida<\/p>\n<p>Terminaci\u00f3n de categor\u00eda<\/p>\n<p>Estilo petit<\/p>\n<p>4 sillas Wish Natural<\/p>\n<p>Silla madera importada S\u00edmil yute natural<\/p>\n<p>Calidad premium<\/p>\n<p>Reforzada<\/p>\n<p>Pulida<\/p>\n<p>Ancho 49cm<\/p>\n<p>Profundidad 40cm<\/p>\n<p>Alto al asiento 45cm<\/p>\n<p>Alto al respaldo 77cm<\/p>\n","protected":false},"excerpt":{"rendered":"<p>Mesa full paraiso 2mx1m Pata XY a 5cm del piso Bastidor completo Base hidrolaca semi mate incolora Pulida Terminaci\u00f3n de categor\u00eda Estilo petit 4 sillas Wish Natural Silla madera importada S\u00edmil yute natural Calidad premium Reforzada Pulida Ancho 49cm Profundidad 40cm Alto al asiento 45cm Alto al respaldo 77cm<\/p>\n","protected":false},"featured_media":1623,"template":"","meta":{"om_disable_all_campaigns":false,"_monsterinsights_skip_tracking":false,"_monsterinsights_sitenote_active":false,"_monsterinsights_sitenote_note":"","_monsterinsights_sitenote_category":0},"product_brand":[],"product_cat":[29],"product_tag":[],"class_list":{"0":"post-1621","1":"product","2":"type-product","3":"status-publish","4":"has-post-thumbnail","6":"product_cat-combos","7":"wpbf-post","10":"instock","11":"shipping-taxable","12":"purchasable","13":"product-type-simple"},"_links":{"self":[{"href":"https:\/\/demoniomuebles.com.ar\/index.php?rest_route=\/wp\/v2\/product\/1621","targetHints":{"allow":["GET"]}}],"collection":[{"href":"https:\/\/demoniomuebles.com.ar\/index.php?rest_route=\/wp\/v2\/product"}],"about":[{"href":"https:\/\/demoniomuebles.com.ar\/index.php?rest_route=\/wp\/v2\/types\/product"}],"wp:featuredmedia":[{"embeddable":true,"href":"https:\/\/demoniomuebles.com.ar\/index.php?rest_route=\/wp\/v2\/media\/1623"}],"wp:attachment":[{"href":"https:\/\/demoniomuebles.com.ar\/index.php?rest_route=%2Fwp%2Fv2%2Fmedia&parent=1621"}],"wp:term":[{"taxonomy":"product_brand","embeddable":true,"href":"https:\/\/demoniomuebles.com.ar\/index.php?rest_route=%2Fwp%2Fv2%2Fproduct_brand&post=1621"},{"taxonomy":"product_cat","embeddable":true,"href":"https:\/\/demoniomuebles.com.ar\/index.php?rest_route=%2Fwp%2Fv2%2Fproduct_cat&post=1621"},{"taxonomy":"product_tag","embeddable":true,"href":"https:\/\/demoniomuebles.com.ar\/index.php?rest_route=%2Fwp%2Fv2%2Fproduct_tag&post=1621"}],"curies":[{"name":"wp","href":"https:\/\/api.w.org\/{rel}","templated":true}]}}