{"id":1693,"date":"2024-07-01T20:44:03","date_gmt":"2024-07-01T20:44:03","guid":{"rendered":"https:\/\/demoniomuebles.com.ar\/?post_type=product&#038;p=1693"},"modified":"2025-12-11T17:59:28","modified_gmt":"2025-12-11T17:59:28","slug":"combo-mesa-paraiso-4-sillas-hope-natural","status":"publish","type":"product","link":"https:\/\/demoniomuebles.com.ar\/?product=combo-mesa-paraiso-4-sillas-hope-natural","title":{"rendered":"Combo Mesa paraiso + 4 sillas Hope Natural"},"content":{"rendered":"<p>Mesa full paraiso Pata x al piso<\/p>\n<p>Reborde de 36mm<\/p>\n<p>Base hidrolaca semi mate incolora<\/p>\n<p>Pulida<\/p>\n<p>Terminaci\u00f3n de categor\u00eda estilo petit<\/p>\n<p>Silla Hope madera Natural<\/p>\n<p>importada<\/p>\n<p>asiento S\u00edmil yute natural<\/p>\n<p>Calidad premium<\/p>\n<p>Reforzada<\/p>\n<p>Pulida<\/p>\n<p>Ancho 48cm<\/p>\n<p>Profundidad 40cm<\/p>\n<p>Alto al asiento 44cm<\/p>\n<p>Alto al respaldo 77cm<\/p>\n","protected":false},"excerpt":{"rendered":"<p>Mesa full paraiso Pata x al piso Reborde de 36mm Base hidrolaca semi mate incolora Pulida Terminaci\u00f3n de categor\u00eda estilo petit Silla Hope madera Natural importada asiento S\u00edmil yute natural Calidad premium Reforzada Pulida Ancho 48cm Profundidad 40cm Alto al asiento 44cm Alto al respaldo 77cm<\/p>\n","protected":false},"featured_media":1697,"template":"","meta":{"om_disable_all_campaigns":false,"_monsterinsights_skip_tracking":false,"_monsterinsights_sitenote_active":false,"_monsterinsights_sitenote_note":"","_monsterinsights_sitenote_category":0},"product_brand":[],"product_cat":[29],"product_tag":[],"class_list":{"0":"post-1693","1":"product","2":"type-product","3":"status-publish","4":"has-post-thumbnail","6":"product_cat-combos","7":"wpbf-post","10":"outofstock","11":"shipping-taxable","12":"purchasable","13":"product-type-variable"},"_links":{"self":[{"href":"https:\/\/demoniomuebles.com.ar\/index.php?rest_route=\/wp\/v2\/product\/1693","targetHints":{"allow":["GET"]}}],"collection":[{"href":"https:\/\/demoniomuebles.com.ar\/index.php?rest_route=\/wp\/v2\/product"}],"about":[{"href":"https:\/\/demoniomuebles.com.ar\/index.php?rest_route=\/wp\/v2\/types\/product"}],"wp:featuredmedia":[{"embeddable":true,"href":"https:\/\/demoniomuebles.com.ar\/index.php?rest_route=\/wp\/v2\/media\/1697"}],"wp:attachment":[{"href":"https:\/\/demoniomuebles.com.ar\/index.php?rest_route=%2Fwp%2Fv2%2Fmedia&parent=1693"}],"wp:term":[{"taxonomy":"product_brand","embeddable":true,"href":"https:\/\/demoniomuebles.com.ar\/index.php?rest_route=%2Fwp%2Fv2%2Fproduct_brand&post=1693"},{"taxonomy":"product_cat","embeddable":true,"href":"https:\/\/demoniomuebles.com.ar\/index.php?rest_route=%2Fwp%2Fv2%2Fproduct_cat&post=1693"},{"taxonomy":"product_tag","embeddable":true,"href":"https:\/\/demoniomuebles.com.ar\/index.php?rest_route=%2Fwp%2Fv2%2Fproduct_tag&post=1693"}],"curies":[{"name":"wp","href":"https:\/\/api.w.org\/{rel}","templated":true}]}}