{"id":1740,"date":"2024-07-18T20:10:20","date_gmt":"2024-07-18T20:10:20","guid":{"rendered":"https:\/\/demoniomuebles.com.ar\/?post_type=product&#038;p=1740"},"modified":"2025-12-11T17:59:31","modified_gmt":"2025-12-11T17:59:31","slug":"mesa-120cm-full-paraiso","status":"publish","type":"product","link":"https:\/\/demoniomuebles.com.ar\/?product=mesa-120cm-full-paraiso","title":{"rendered":"Mesa 120cm Full Paraiso"},"content":{"rendered":"<p>Mesa full paraiso<\/p>\n<p>120cm de di\u00e1metro<\/p>\n<p>Reborde 36mm<\/p>\n<p>Pulida<\/p>\n<p>Base hidrolaca semi mate incolora<\/p>\n<p>Pata x al piso Para\u00edso macizo<\/p>\n<p>Detalle de categor\u00eda<\/p>\n<p>Estilo petit<\/p>\n<p>A040<\/p>\n","protected":false},"excerpt":{"rendered":"<p>Mesa full paraiso 120cm de di\u00e1metro Reborde 36mm Pulida Base hidrolaca semi mate incolora Pata x al piso Para\u00edso macizo Detalle de categor\u00eda Estilo petit A040<\/p>\n","protected":false},"featured_media":1743,"template":"","meta":{"om_disable_all_campaigns":false,"_monsterinsights_skip_tracking":false,"_monsterinsights_sitenote_active":false,"_monsterinsights_sitenote_note":"","_monsterinsights_sitenote_category":0},"product_brand":[],"product_cat":[30,21],"product_tag":[],"class_list":{"0":"post-1740","1":"product","2":"type-product","3":"status-publish","4":"has-post-thumbnail","6":"product_cat-cocina-comedor","7":"product_cat-mesa","8":"wpbf-post","11":"instock","12":"shipping-taxable","13":"purchasable","14":"product-type-simple"},"_links":{"self":[{"href":"https:\/\/demoniomuebles.com.ar\/index.php?rest_route=\/wp\/v2\/product\/1740","targetHints":{"allow":["GET"]}}],"collection":[{"href":"https:\/\/demoniomuebles.com.ar\/index.php?rest_route=\/wp\/v2\/product"}],"about":[{"href":"https:\/\/demoniomuebles.com.ar\/index.php?rest_route=\/wp\/v2\/types\/product"}],"wp:featuredmedia":[{"embeddable":true,"href":"https:\/\/demoniomuebles.com.ar\/index.php?rest_route=\/wp\/v2\/media\/1743"}],"wp:attachment":[{"href":"https:\/\/demoniomuebles.com.ar\/index.php?rest_route=%2Fwp%2Fv2%2Fmedia&parent=1740"}],"wp:term":[{"taxonomy":"product_brand","embeddable":true,"href":"https:\/\/demoniomuebles.com.ar\/index.php?rest_route=%2Fwp%2Fv2%2Fproduct_brand&post=1740"},{"taxonomy":"product_cat","embeddable":true,"href":"https:\/\/demoniomuebles.com.ar\/index.php?rest_route=%2Fwp%2Fv2%2Fproduct_cat&post=1740"},{"taxonomy":"product_tag","embeddable":true,"href":"https:\/\/demoniomuebles.com.ar\/index.php?rest_route=%2Fwp%2Fv2%2Fproduct_tag&post=1740"}],"curies":[{"name":"wp","href":"https:\/\/api.w.org\/{rel}","templated":true}]}}