{"id":1771,"date":"2024-07-29T12:04:49","date_gmt":"2024-07-29T12:04:49","guid":{"rendered":"https:\/\/demoniomuebles.com.ar\/?post_type=product&#038;p=1771"},"modified":"2025-12-11T17:59:31","modified_gmt":"2025-12-11T17:59:31","slug":"silla-retro-2","status":"publish","type":"product","link":"https:\/\/demoniomuebles.com.ar\/?product=silla-retro-2","title":{"rendered":"Silla Retro"},"content":{"rendered":"<p>Silla retro<\/p>\n<p>Para\u00edso 100%<\/p>\n<p>Respaldo curvo<\/p>\n<p>Pulida<\/p>\n<p>Base de hidrolaca semi mate incolora<\/p>\n<p>Reforzada<\/p>\n<p>Terminaci\u00f3n de categor\u00eda<\/p>\n<p>44cm x 79cm de alto<\/p>\n<p>Hecho a Mano<\/p>\n<p>Directo de F\u00e1brica<\/p>\n<p>A128<\/p>\n","protected":false},"excerpt":{"rendered":"<p>Silla retro Para\u00edso 100% Respaldo curvo Pulida Base de hidrolaca semi mate incolora Reforzada Terminaci\u00f3n de categor\u00eda 44cm x 79cm de alto Hecho a Mano Directo de F\u00e1brica A128<\/p>\n","protected":false},"featured_media":1774,"template":"","meta":{"om_disable_all_campaigns":false,"_monsterinsights_skip_tracking":false,"_monsterinsights_sitenote_active":false,"_monsterinsights_sitenote_note":"","_monsterinsights_sitenote_category":0},"product_brand":[],"product_cat":[22],"product_tag":[],"class_list":{"0":"post-1771","1":"product","2":"type-product","3":"status-publish","4":"has-post-thumbnail","6":"product_cat-silla","7":"wpbf-post","10":"instock","11":"shipping-taxable","12":"purchasable","13":"product-type-simple"},"_links":{"self":[{"href":"https:\/\/demoniomuebles.com.ar\/index.php?rest_route=\/wp\/v2\/product\/1771","targetHints":{"allow":["GET"]}}],"collection":[{"href":"https:\/\/demoniomuebles.com.ar\/index.php?rest_route=\/wp\/v2\/product"}],"about":[{"href":"https:\/\/demoniomuebles.com.ar\/index.php?rest_route=\/wp\/v2\/types\/product"}],"wp:featuredmedia":[{"embeddable":true,"href":"https:\/\/demoniomuebles.com.ar\/index.php?rest_route=\/wp\/v2\/media\/1774"}],"wp:attachment":[{"href":"https:\/\/demoniomuebles.com.ar\/index.php?rest_route=%2Fwp%2Fv2%2Fmedia&parent=1771"}],"wp:term":[{"taxonomy":"product_brand","embeddable":true,"href":"https:\/\/demoniomuebles.com.ar\/index.php?rest_route=%2Fwp%2Fv2%2Fproduct_brand&post=1771"},{"taxonomy":"product_cat","embeddable":true,"href":"https:\/\/demoniomuebles.com.ar\/index.php?rest_route=%2Fwp%2Fv2%2Fproduct_cat&post=1771"},{"taxonomy":"product_tag","embeddable":true,"href":"https:\/\/demoniomuebles.com.ar\/index.php?rest_route=%2Fwp%2Fv2%2Fproduct_tag&post=1771"}],"curies":[{"name":"wp","href":"https:\/\/api.w.org\/{rel}","templated":true}]}}