{"id":1831,"date":"2024-08-01T18:37:54","date_gmt":"2024-08-01T18:37:54","guid":{"rendered":"https:\/\/demoniomuebles.com.ar\/?post_type=product&#038;p=1831"},"modified":"2025-12-11T17:59:37","modified_gmt":"2025-12-11T17:59:37","slug":"mesa-rectangular-pata-recta","status":"publish","type":"product","link":"https:\/\/demoniomuebles.com.ar\/?product=mesa-rectangular-pata-recta","title":{"rendered":"Mesa Rectangular Pata Recta"},"content":{"rendered":"<p>Mesa full paraiso<\/p>\n<p>Altura standar 78cm final.<\/p>\n<p>Pata recta<\/p>\n<p>Con reborde de 36mm<\/p>\n<p>Bastidor<\/p>\n<p>Pulida con base hidrolaca semi mate incolora<\/p>\n<p>Terminaci\u00f3n de categor\u00eda estilo petit<\/p>\n<p>Venta Mayorista y Minorista<\/p>\n<p>Envio a todo el pa\u00eds<\/p>\n","protected":false},"excerpt":{"rendered":"<p>Mesa full paraiso Altura standar 78cm final. Pata recta Con reborde de 36mm Bastidor Pulida con base hidrolaca semi mate incolora Terminaci\u00f3n de categor\u00eda estilo petit Venta Mayorista y Minorista Envio a todo el pa\u00eds<\/p>\n","protected":false},"featured_media":1836,"template":"","meta":{"om_disable_all_campaigns":false,"_monsterinsights_skip_tracking":false,"_monsterinsights_sitenote_active":false,"_monsterinsights_sitenote_note":"","_monsterinsights_sitenote_category":0},"product_brand":[],"product_cat":[30,21],"product_tag":[],"class_list":{"0":"post-1831","1":"product","2":"type-product","3":"status-publish","4":"has-post-thumbnail","6":"product_cat-cocina-comedor","7":"product_cat-mesa","8":"wpbf-post","11":"instock","12":"shipping-taxable","13":"purchasable","14":"product-type-variable"},"_links":{"self":[{"href":"https:\/\/demoniomuebles.com.ar\/index.php?rest_route=\/wp\/v2\/product\/1831","targetHints":{"allow":["GET"]}}],"collection":[{"href":"https:\/\/demoniomuebles.com.ar\/index.php?rest_route=\/wp\/v2\/product"}],"about":[{"href":"https:\/\/demoniomuebles.com.ar\/index.php?rest_route=\/wp\/v2\/types\/product"}],"wp:featuredmedia":[{"embeddable":true,"href":"https:\/\/demoniomuebles.com.ar\/index.php?rest_route=\/wp\/v2\/media\/1836"}],"wp:attachment":[{"href":"https:\/\/demoniomuebles.com.ar\/index.php?rest_route=%2Fwp%2Fv2%2Fmedia&parent=1831"}],"wp:term":[{"taxonomy":"product_brand","embeddable":true,"href":"https:\/\/demoniomuebles.com.ar\/index.php?rest_route=%2Fwp%2Fv2%2Fproduct_brand&post=1831"},{"taxonomy":"product_cat","embeddable":true,"href":"https:\/\/demoniomuebles.com.ar\/index.php?rest_route=%2Fwp%2Fv2%2Fproduct_cat&post=1831"},{"taxonomy":"product_tag","embeddable":true,"href":"https:\/\/demoniomuebles.com.ar\/index.php?rest_route=%2Fwp%2Fv2%2Fproduct_tag&post=1831"}],"curies":[{"name":"wp","href":"https:\/\/api.w.org\/{rel}","templated":true}]}}