{"id":1856,"date":"2024-08-01T18:47:05","date_gmt":"2024-08-01T18:47:05","guid":{"rendered":"https:\/\/demoniomuebles.com.ar\/?post_type=product&#038;p=1856"},"modified":"2025-12-11T17:59:37","modified_gmt":"2025-12-11T17:59:37","slug":"combo-mesa-pata-recta-4-sillas-retro","status":"publish","type":"product","link":"https:\/\/demoniomuebles.com.ar\/?product=combo-mesa-pata-recta-4-sillas-retro","title":{"rendered":"Combo Mesa Pata Recta + 4 sillas Retro"},"content":{"rendered":"<p>Descripci\u00f3n<\/p>\n<p>Mesa full paraiso<\/p>\n<p>Altura standar 78cm final.<\/p>\n<p>Pata recta<\/p>\n<p>Con reborde de 36mm<\/p>\n<p>Bastidor<\/p>\n<p>Pulida con base hidrolaca semi mate incolora<\/p>\n<p>Terminaci\u00f3n de categor\u00eda estilo petit<\/p>\n<p>4 Sillas retro<\/p>\n<p>Para\u00edso<\/p>\n<p>Respaldo curvo<\/p>\n<p>Pulida<\/p>\n<p>Base de hidrolaca semi mate incolora<\/p>\n<p>Reforzada<\/p>\n<p>Terminaci\u00f3n de categor\u00eda<\/p>\n<p>44cm x 79cm de alto<\/p>\n<p>Hecho a Mano<\/p>\n<p>Directo de F\u00e1brica<\/p>\n<p>Venta Mayorista y Minorista<\/p>\n<p>Envio a todo el pa\u00eds<\/p>\n","protected":false},"excerpt":{"rendered":"<p>Descripci\u00f3n Mesa full paraiso Altura standar 78cm final. Pata recta Con reborde de 36mm Bastidor Pulida con base hidrolaca semi mate incolora Terminaci\u00f3n de categor\u00eda estilo petit 4 Sillas retro Para\u00edso Respaldo curvo Pulida Base de hidrolaca semi mate incolora Reforzada Terminaci\u00f3n de categor\u00eda 44cm x 79cm de alto Hecho a Mano Directo de F\u00e1brica [&hellip;]<\/p>\n","protected":false},"featured_media":1859,"template":"","meta":{"om_disable_all_campaigns":false,"_monsterinsights_skip_tracking":false,"_monsterinsights_sitenote_active":false,"_monsterinsights_sitenote_note":"","_monsterinsights_sitenote_category":0},"product_brand":[],"product_cat":[29],"product_tag":[],"class_list":{"0":"post-1856","1":"product","2":"type-product","3":"status-publish","4":"has-post-thumbnail","6":"product_cat-combos","7":"wpbf-post","10":"instock","11":"shipping-taxable","12":"purchasable","13":"product-type-variable"},"_links":{"self":[{"href":"https:\/\/demoniomuebles.com.ar\/index.php?rest_route=\/wp\/v2\/product\/1856","targetHints":{"allow":["GET"]}}],"collection":[{"href":"https:\/\/demoniomuebles.com.ar\/index.php?rest_route=\/wp\/v2\/product"}],"about":[{"href":"https:\/\/demoniomuebles.com.ar\/index.php?rest_route=\/wp\/v2\/types\/product"}],"wp:featuredmedia":[{"embeddable":true,"href":"https:\/\/demoniomuebles.com.ar\/index.php?rest_route=\/wp\/v2\/media\/1859"}],"wp:attachment":[{"href":"https:\/\/demoniomuebles.com.ar\/index.php?rest_route=%2Fwp%2Fv2%2Fmedia&parent=1856"}],"wp:term":[{"taxonomy":"product_brand","embeddable":true,"href":"https:\/\/demoniomuebles.com.ar\/index.php?rest_route=%2Fwp%2Fv2%2Fproduct_brand&post=1856"},{"taxonomy":"product_cat","embeddable":true,"href":"https:\/\/demoniomuebles.com.ar\/index.php?rest_route=%2Fwp%2Fv2%2Fproduct_cat&post=1856"},{"taxonomy":"product_tag","embeddable":true,"href":"https:\/\/demoniomuebles.com.ar\/index.php?rest_route=%2Fwp%2Fv2%2Fproduct_tag&post=1856"}],"curies":[{"name":"wp","href":"https:\/\/api.w.org\/{rel}","templated":true}]}}