{"id":1897,"date":"2024-11-22T19:52:52","date_gmt":"2024-11-22T19:52:52","guid":{"rendered":"https:\/\/demoniomuebles.com.ar\/?post_type=product&#038;p=1897"},"modified":"2025-12-11T17:59:37","modified_gmt":"2025-12-11T17:59:37","slug":"mesa-paraiso-varillada-120cm-4-sillas-oval","status":"publish","type":"product","link":"https:\/\/demoniomuebles.com.ar\/?product=mesa-paraiso-varillada-120cm-4-sillas-oval","title":{"rendered":"Mesa Paraiso Varillada 120cm + 4 Sillas Oval"},"content":{"rendered":"<p>Mesa full paraiso Varillada<\/p>\n<p>120cm de di\u00e1metro<\/p>\n<p>full para\u00edso<\/p>\n<p>Reborde de 36mm<\/p>\n<p>Pata Varillada al piso<\/p>\n<p>Sillas oval<\/p>\n<p>Estructura paraiso macizo<\/p>\n<p>Reforzada<\/p>\n<p>Respaldo curvo<\/p>\n<p>Pulidas<\/p>\n<p>Base de hidrolaca semi mate incolora<\/p>\n<p>Hecho a Mano<\/p>\n<p>Directo de F\u00e1brica<\/p>\n<p>Env\u00edo a todo el pa\u00eds<\/p>\n","protected":false},"excerpt":{"rendered":"<p>Mesa full paraiso Varillada 120cm de di\u00e1metro full para\u00edso Reborde de 36mm Pata Varillada al piso Sillas oval Estructura paraiso macizo Reforzada Respaldo curvo Pulidas Base de hidrolaca semi mate incolora Hecho a Mano Directo de F\u00e1brica Env\u00edo a todo el pa\u00eds<\/p>\n","protected":false},"featured_media":1899,"template":"","meta":{"om_disable_all_campaigns":false,"_monsterinsights_skip_tracking":false,"_monsterinsights_sitenote_active":false,"_monsterinsights_sitenote_note":"","_monsterinsights_sitenote_category":0},"product_brand":[],"product_cat":[29],"product_tag":[],"class_list":{"0":"post-1897","1":"product","2":"type-product","3":"status-publish","4":"has-post-thumbnail","6":"product_cat-combos","7":"wpbf-post","10":"instock","11":"shipping-taxable","12":"purchasable","13":"product-type-simple"},"_links":{"self":[{"href":"https:\/\/demoniomuebles.com.ar\/index.php?rest_route=\/wp\/v2\/product\/1897","targetHints":{"allow":["GET"]}}],"collection":[{"href":"https:\/\/demoniomuebles.com.ar\/index.php?rest_route=\/wp\/v2\/product"}],"about":[{"href":"https:\/\/demoniomuebles.com.ar\/index.php?rest_route=\/wp\/v2\/types\/product"}],"wp:featuredmedia":[{"embeddable":true,"href":"https:\/\/demoniomuebles.com.ar\/index.php?rest_route=\/wp\/v2\/media\/1899"}],"wp:attachment":[{"href":"https:\/\/demoniomuebles.com.ar\/index.php?rest_route=%2Fwp%2Fv2%2Fmedia&parent=1897"}],"wp:term":[{"taxonomy":"product_brand","embeddable":true,"href":"https:\/\/demoniomuebles.com.ar\/index.php?rest_route=%2Fwp%2Fv2%2Fproduct_brand&post=1897"},{"taxonomy":"product_cat","embeddable":true,"href":"https:\/\/demoniomuebles.com.ar\/index.php?rest_route=%2Fwp%2Fv2%2Fproduct_cat&post=1897"},{"taxonomy":"product_tag","embeddable":true,"href":"https:\/\/demoniomuebles.com.ar\/index.php?rest_route=%2Fwp%2Fv2%2Fproduct_tag&post=1897"}],"curies":[{"name":"wp","href":"https:\/\/api.w.org\/{rel}","templated":true}]}}