{"id":200,"date":"2021-11-10T12:53:15","date_gmt":"2021-11-10T12:53:15","guid":{"rendered":"https:\/\/demoniomuebles.com.ar\/?post_type=product&#038;p=200"},"modified":"2025-12-11T17:58:29","modified_gmt":"2025-12-11T17:58:29","slug":"mesa-paraiso","status":"publish","type":"product","link":"https:\/\/demoniomuebles.com.ar\/?product=mesa-paraiso","title":{"rendered":"Mesa Paraiso 1m"},"content":{"rendered":"<p>Mesa cocina comedor<\/p>\n<p>1m de di\u00e1metro<\/p>\n<p>full para\u00edso<\/p>\n<p>reborde de 36mm pata x al piso<\/p>\n<p>Pata paraiso macizo pulida con base hidrolaca semi mate incolora y terminaci\u00f3n de categor\u00eda.<\/p>\n<p>Hecho a Mano<\/p>\n<p>Directo de F\u00e1brica<\/p>\n<p>A037<\/p>\n","protected":false},"excerpt":{"rendered":"<p>Mesa cocina comedor 1m de di\u00e1metro full para\u00edso reborde de 36mm pata x al piso Pata paraiso macizo pulida con base hidrolaca semi mate incolora y terminaci\u00f3n de categor\u00eda. Hecho a Mano Directo de F\u00e1brica A037<\/p>\n","protected":false},"featured_media":1738,"template":"","meta":{"om_disable_all_campaigns":false,"_monsterinsights_skip_tracking":false,"_monsterinsights_sitenote_active":false,"_monsterinsights_sitenote_note":"","_monsterinsights_sitenote_category":0},"product_brand":[],"product_cat":[30,21],"product_tag":[],"class_list":{"0":"post-200","1":"product","2":"type-product","3":"status-publish","4":"has-post-thumbnail","6":"product_cat-cocina-comedor","7":"product_cat-mesa","8":"wpbf-post","11":"instock","12":"shipping-taxable","13":"purchasable","14":"product-type-simple"},"_links":{"self":[{"href":"https:\/\/demoniomuebles.com.ar\/index.php?rest_route=\/wp\/v2\/product\/200","targetHints":{"allow":["GET"]}}],"collection":[{"href":"https:\/\/demoniomuebles.com.ar\/index.php?rest_route=\/wp\/v2\/product"}],"about":[{"href":"https:\/\/demoniomuebles.com.ar\/index.php?rest_route=\/wp\/v2\/types\/product"}],"wp:featuredmedia":[{"embeddable":true,"href":"https:\/\/demoniomuebles.com.ar\/index.php?rest_route=\/wp\/v2\/media\/1738"}],"wp:attachment":[{"href":"https:\/\/demoniomuebles.com.ar\/index.php?rest_route=%2Fwp%2Fv2%2Fmedia&parent=200"}],"wp:term":[{"taxonomy":"product_brand","embeddable":true,"href":"https:\/\/demoniomuebles.com.ar\/index.php?rest_route=%2Fwp%2Fv2%2Fproduct_brand&post=200"},{"taxonomy":"product_cat","embeddable":true,"href":"https:\/\/demoniomuebles.com.ar\/index.php?rest_route=%2Fwp%2Fv2%2Fproduct_cat&post=200"},{"taxonomy":"product_tag","embeddable":true,"href":"https:\/\/demoniomuebles.com.ar\/index.php?rest_route=%2Fwp%2Fv2%2Fproduct_tag&post=200"}],"curies":[{"name":"wp","href":"https:\/\/api.w.org\/{rel}","templated":true}]}}