{"id":2014,"date":"2025-04-22T22:17:13","date_gmt":"2025-04-22T22:17:13","guid":{"rendered":"https:\/\/demoniomuebles.com.ar\/?post_type=product&#038;p=2014"},"modified":"2025-12-11T17:59:40","modified_gmt":"2025-12-11T17:59:40","slug":"mesas-ratonas-duo-paraiso-50x50-y-40x40","status":"publish","type":"product","link":"https:\/\/demoniomuebles.com.ar\/?product=mesas-ratonas-duo-paraiso-50x50-y-40x40","title":{"rendered":"Mesas Ratonas d\u00fao Paraiso 50&#215;50 y 40&#215;40"},"content":{"rendered":"<p>D\u00fao ratonas full paraiso.<\/p>\n<p>50cm de di\u00e1metro x 50cm de alto<\/p>\n<p>40cm de di\u00e1metro x 40cm de alto<\/p>\n<p>Pulida<\/p>\n<p>Base hidrolaca semi mate incolora<\/p>\n<p>Reborde de 36mm<\/p>\n<p>Pata paraiso macizo<\/p>\n<p>Tapa enchapada en paraiso natural<\/p>\n<p>Env\u00edo a todo el pa\u00eds<\/p>\n<p>Venta Mayorista y Minorista<\/p>\n","protected":false},"excerpt":{"rendered":"<p>D\u00fao ratonas full paraiso. 50cm de di\u00e1metro x 50cm de alto 40cm de di\u00e1metro x 40cm de alto Pulida Base hidrolaca semi mate incolora Reborde de 36mm Pata paraiso macizo Tapa enchapada en paraiso natural Env\u00edo a todo el pa\u00eds Venta Mayorista y Minorista<\/p>\n","protected":false},"featured_media":2015,"template":"","meta":{"om_disable_all_campaigns":false,"_monsterinsights_skip_tracking":false,"_monsterinsights_sitenote_active":false,"_monsterinsights_sitenote_note":"","_monsterinsights_sitenote_category":0},"product_brand":[],"product_cat":[21,33],"product_tag":[],"class_list":{"0":"post-2014","1":"product","2":"type-product","3":"status-publish","4":"has-post-thumbnail","6":"product_cat-mesa","7":"product_cat-ratona","8":"wpbf-post","11":"instock","12":"shipping-taxable","13":"purchasable","14":"product-type-simple"},"_links":{"self":[{"href":"https:\/\/demoniomuebles.com.ar\/index.php?rest_route=\/wp\/v2\/product\/2014","targetHints":{"allow":["GET"]}}],"collection":[{"href":"https:\/\/demoniomuebles.com.ar\/index.php?rest_route=\/wp\/v2\/product"}],"about":[{"href":"https:\/\/demoniomuebles.com.ar\/index.php?rest_route=\/wp\/v2\/types\/product"}],"wp:featuredmedia":[{"embeddable":true,"href":"https:\/\/demoniomuebles.com.ar\/index.php?rest_route=\/wp\/v2\/media\/2015"}],"wp:attachment":[{"href":"https:\/\/demoniomuebles.com.ar\/index.php?rest_route=%2Fwp%2Fv2%2Fmedia&parent=2014"}],"wp:term":[{"taxonomy":"product_brand","embeddable":true,"href":"https:\/\/demoniomuebles.com.ar\/index.php?rest_route=%2Fwp%2Fv2%2Fproduct_brand&post=2014"},{"taxonomy":"product_cat","embeddable":true,"href":"https:\/\/demoniomuebles.com.ar\/index.php?rest_route=%2Fwp%2Fv2%2Fproduct_cat&post=2014"},{"taxonomy":"product_tag","embeddable":true,"href":"https:\/\/demoniomuebles.com.ar\/index.php?rest_route=%2Fwp%2Fv2%2Fproduct_tag&post=2014"}],"curies":[{"name":"wp","href":"https:\/\/api.w.org\/{rel}","templated":true}]}}