{"id":2110,"date":"2025-04-28T18:01:14","date_gmt":"2025-04-28T18:01:14","guid":{"rendered":"https:\/\/demoniomuebles.com.ar\/?post_type=product&#038;p=2110"},"modified":"2026-04-22T20:04:49","modified_gmt":"2026-04-22T20:04:49","slug":"mesa-beverly-hierro-y-vidrio","status":"publish","type":"product","link":"https:\/\/demoniomuebles.com.ar\/?product=mesa-beverly-hierro-y-vidrio","title":{"rendered":"Mesa Beverly Hierro y Vidrio"},"content":{"rendered":"<p>Mesa Beverly<\/p>\n<p>Medida \u00fanica 120cm x 80cm<\/p>\n<p>tapa de vidrio templado y patas de hierro Pintadas al horno S\u00edmil madera.<\/p>\n<p>Embalada Apto para enviar a todo el pa\u00eds \ud83c\udde6\ud83c\uddf7.<\/p>\n<p>Venta Mayorista y Minorista<\/p>\n","protected":false},"excerpt":{"rendered":"<p>Mesa Beverly Medida \u00fanica 120cm x 80cm tapa de vidrio templado y patas de hierro Pintadas al horno S\u00edmil madera. Embalada Apto para enviar a todo el pa\u00eds \ud83c\udde6\ud83c\uddf7. Venta Mayorista y Minorista<\/p>\n","protected":false},"featured_media":2107,"template":"","meta":{"om_disable_all_campaigns":false,"_monsterinsights_skip_tracking":false,"_monsterinsights_sitenote_active":false,"_monsterinsights_sitenote_note":"","_monsterinsights_sitenote_category":0},"product_brand":[],"product_cat":[30,21],"product_tag":[],"class_list":{"0":"post-2110","1":"product","2":"type-product","3":"status-publish","4":"has-post-thumbnail","6":"product_cat-cocina-comedor","7":"product_cat-mesa","8":"wpbf-post","11":"instock","12":"shipping-taxable","13":"purchasable","14":"product-type-simple"},"_links":{"self":[{"href":"https:\/\/demoniomuebles.com.ar\/index.php?rest_route=\/wp\/v2\/product\/2110","targetHints":{"allow":["GET"]}}],"collection":[{"href":"https:\/\/demoniomuebles.com.ar\/index.php?rest_route=\/wp\/v2\/product"}],"about":[{"href":"https:\/\/demoniomuebles.com.ar\/index.php?rest_route=\/wp\/v2\/types\/product"}],"wp:featuredmedia":[{"embeddable":true,"href":"https:\/\/demoniomuebles.com.ar\/index.php?rest_route=\/wp\/v2\/media\/2107"}],"wp:attachment":[{"href":"https:\/\/demoniomuebles.com.ar\/index.php?rest_route=%2Fwp%2Fv2%2Fmedia&parent=2110"}],"wp:term":[{"taxonomy":"product_brand","embeddable":true,"href":"https:\/\/demoniomuebles.com.ar\/index.php?rest_route=%2Fwp%2Fv2%2Fproduct_brand&post=2110"},{"taxonomy":"product_cat","embeddable":true,"href":"https:\/\/demoniomuebles.com.ar\/index.php?rest_route=%2Fwp%2Fv2%2Fproduct_cat&post=2110"},{"taxonomy":"product_tag","embeddable":true,"href":"https:\/\/demoniomuebles.com.ar\/index.php?rest_route=%2Fwp%2Fv2%2Fproduct_tag&post=2110"}],"curies":[{"name":"wp","href":"https:\/\/api.w.org\/{rel}","templated":true}]}}