{"id":2221,"date":"2025-05-12T18:17:07","date_gmt":"2025-05-12T18:17:07","guid":{"rendered":"https:\/\/demoniomuebles.com.ar\/?post_type=product&#038;p=2221"},"modified":"2026-04-22T20:04:51","modified_gmt":"2026-04-22T20:04:51","slug":"camastro-cuadrado-120x60","status":"publish","type":"product","link":"https:\/\/demoniomuebles.com.ar\/?product=camastro-cuadrado-120x60","title":{"rendered":"Camastro Cuadrado 120&#215;60"},"content":{"rendered":"<p>Camastro cuadrado<\/p>\n<p>120cm x 60cm<\/p>\n<p>32cm al asiento<\/p>\n<p>80cm al respaldo<\/p>\n<p>Ca\u00f1o estructural negro 2cmx2cm<\/p>\n<p>Regatones<\/p>\n<p>Env\u00edo a todo El pa\u00eds \ud83c\udde6\ud83c\uddf7<\/p>\n<p>No incluye almohadones.<\/p>\n","protected":false},"excerpt":{"rendered":"<p>Camastro cuadrado 120cm x 60cm 32cm al asiento 80cm al respaldo Ca\u00f1o estructural negro 2cmx2cm Regatones Env\u00edo a todo El pa\u00eds \ud83c\udde6\ud83c\uddf7 No incluye almohadones.<\/p>\n","protected":false},"featured_media":2223,"template":"","meta":{"om_disable_all_campaigns":false,"_monsterinsights_skip_tracking":false,"_monsterinsights_sitenote_active":false,"_monsterinsights_sitenote_note":"","_monsterinsights_sitenote_category":0},"product_brand":[],"product_cat":[39],"product_tag":[],"class_list":{"0":"post-2221","1":"product","2":"type-product","3":"status-publish","4":"has-post-thumbnail","6":"product_cat-sillon","7":"wpbf-post","10":"instock","11":"shipping-taxable","12":"purchasable","13":"product-type-simple"},"_links":{"self":[{"href":"https:\/\/demoniomuebles.com.ar\/index.php?rest_route=\/wp\/v2\/product\/2221","targetHints":{"allow":["GET"]}}],"collection":[{"href":"https:\/\/demoniomuebles.com.ar\/index.php?rest_route=\/wp\/v2\/product"}],"about":[{"href":"https:\/\/demoniomuebles.com.ar\/index.php?rest_route=\/wp\/v2\/types\/product"}],"wp:featuredmedia":[{"embeddable":true,"href":"https:\/\/demoniomuebles.com.ar\/index.php?rest_route=\/wp\/v2\/media\/2223"}],"wp:attachment":[{"href":"https:\/\/demoniomuebles.com.ar\/index.php?rest_route=%2Fwp%2Fv2%2Fmedia&parent=2221"}],"wp:term":[{"taxonomy":"product_brand","embeddable":true,"href":"https:\/\/demoniomuebles.com.ar\/index.php?rest_route=%2Fwp%2Fv2%2Fproduct_brand&post=2221"},{"taxonomy":"product_cat","embeddable":true,"href":"https:\/\/demoniomuebles.com.ar\/index.php?rest_route=%2Fwp%2Fv2%2Fproduct_cat&post=2221"},{"taxonomy":"product_tag","embeddable":true,"href":"https:\/\/demoniomuebles.com.ar\/index.php?rest_route=%2Fwp%2Fv2%2Fproduct_tag&post=2221"}],"curies":[{"name":"wp","href":"https:\/\/api.w.org\/{rel}","templated":true}]}}