{"id":2248,"date":"2025-05-26T17:11:57","date_gmt":"2025-05-26T17:11:57","guid":{"rendered":"https:\/\/demoniomuebles.com.ar\/?post_type=product&#038;p=2248"},"modified":"2026-04-22T20:04:51","modified_gmt":"2026-04-22T20:04:51","slug":"almohadon-placa-80cm-de-diametro","status":"publish","type":"product","link":"https:\/\/demoniomuebles.com.ar\/?product=almohadon-placa-80cm-de-diametro","title":{"rendered":"Almohadon Placa 80cm de Di\u00e1metro"},"content":{"rendered":"<p>Almohadon placa de alta densidad<\/p>\n<p>80cm de di\u00e1metro<\/p>\n<p>Funda lona n\u00e1utica<\/p>\n<p>Apto interior y exterior<\/p>\n<p>Tambi\u00e9n se puede hacer en talampaya &#8211; lino<\/p>\n","protected":false},"excerpt":{"rendered":"<p>Almohadon placa de alta densidad 80cm de di\u00e1metro Funda lona n\u00e1utica Apto interior y exterior Tambi\u00e9n se puede hacer en talampaya &#8211; lino<\/p>\n","protected":false},"featured_media":2249,"template":"","meta":{"om_disable_all_campaigns":false,"_monsterinsights_skip_tracking":false,"_monsterinsights_sitenote_active":false,"_monsterinsights_sitenote_note":"","_monsterinsights_sitenote_category":0},"product_brand":[],"product_cat":[55],"product_tag":[],"class_list":{"0":"post-2248","1":"product","2":"type-product","3":"status-publish","4":"has-post-thumbnail","6":"product_cat-almohadones","7":"wpbf-post","10":"instock","11":"shipping-taxable","12":"purchasable","13":"product-type-simple"},"_links":{"self":[{"href":"https:\/\/demoniomuebles.com.ar\/index.php?rest_route=\/wp\/v2\/product\/2248","targetHints":{"allow":["GET"]}}],"collection":[{"href":"https:\/\/demoniomuebles.com.ar\/index.php?rest_route=\/wp\/v2\/product"}],"about":[{"href":"https:\/\/demoniomuebles.com.ar\/index.php?rest_route=\/wp\/v2\/types\/product"}],"wp:featuredmedia":[{"embeddable":true,"href":"https:\/\/demoniomuebles.com.ar\/index.php?rest_route=\/wp\/v2\/media\/2249"}],"wp:attachment":[{"href":"https:\/\/demoniomuebles.com.ar\/index.php?rest_route=%2Fwp%2Fv2%2Fmedia&parent=2248"}],"wp:term":[{"taxonomy":"product_brand","embeddable":true,"href":"https:\/\/demoniomuebles.com.ar\/index.php?rest_route=%2Fwp%2Fv2%2Fproduct_brand&post=2248"},{"taxonomy":"product_cat","embeddable":true,"href":"https:\/\/demoniomuebles.com.ar\/index.php?rest_route=%2Fwp%2Fv2%2Fproduct_cat&post=2248"},{"taxonomy":"product_tag","embeddable":true,"href":"https:\/\/demoniomuebles.com.ar\/index.php?rest_route=%2Fwp%2Fv2%2Fproduct_tag&post=2248"}],"curies":[{"name":"wp","href":"https:\/\/api.w.org\/{rel}","templated":true}]}}