{"id":2299,"date":"2025-06-11T18:37:35","date_gmt":"2025-06-11T18:37:35","guid":{"rendered":"https:\/\/demoniomuebles.com.ar\/?post_type=product&#038;p=2299"},"modified":"2025-12-11T17:59:50","modified_gmt":"2025-12-11T17:59:50","slug":"combo-mesa-paraiso-4-sillas-persa-negras","status":"publish","type":"product","link":"https:\/\/demoniomuebles.com.ar\/?product=combo-mesa-paraiso-4-sillas-persa-negras","title":{"rendered":"Combo Mesa Paraiso + 4 Sillas Persa Negras"},"content":{"rendered":"<p>Mesa full paraiso Pata x a 5cm piso<\/p>\n<p>Reborde de 36mm<\/p>\n<p>Base hidrolaca semi mate incolora<\/p>\n<p>Pulida<\/p>\n<p>Terminaci\u00f3n de categor\u00eda estilo petit<\/p>\n<p>Silla Persa<\/p>\n<p>47cm x 53cm de profundidad<\/p>\n<p>46cm al asiento<\/p>\n<p>81cm al respaldo<\/p>\n<p>Estructura hierro macizo tejido S\u00edmil yute<\/p>\n<p>Negro \u26ab\ufe0f \/ Arena \/ combinada<\/p>\n<p>Regatones<\/p>\n<p>Reforzada<\/p>\n<p>Apto interior y exterior<\/p>\n<p>1era calidad<\/p>\n<p>100% industria nacional \ud83c\udde6\ud83c\uddf7<\/p>\n","protected":false},"excerpt":{"rendered":"<p>Mesa full paraiso Pata x a 5cm piso Reborde de 36mm Base hidrolaca semi mate incolora Pulida Terminaci\u00f3n de categor\u00eda estilo petit Silla Persa 47cm x 53cm de profundidad 46cm al asiento 81cm al respaldo Estructura hierro macizo tejido S\u00edmil yute Negro \u26ab\ufe0f \/ Arena \/ combinada Regatones Reforzada Apto interior y exterior 1era calidad [&hellip;]<\/p>\n","protected":false},"featured_media":2303,"template":"","meta":{"om_disable_all_campaigns":false,"_monsterinsights_skip_tracking":false,"_monsterinsights_sitenote_active":false,"_monsterinsights_sitenote_note":"","_monsterinsights_sitenote_category":0},"product_brand":[],"product_cat":[29],"product_tag":[],"class_list":{"0":"post-2299","1":"product","2":"type-product","3":"status-publish","4":"has-post-thumbnail","6":"product_cat-combos","7":"wpbf-post","10":"instock","11":"shipping-taxable","12":"purchasable","13":"product-type-variable"},"_links":{"self":[{"href":"https:\/\/demoniomuebles.com.ar\/index.php?rest_route=\/wp\/v2\/product\/2299","targetHints":{"allow":["GET"]}}],"collection":[{"href":"https:\/\/demoniomuebles.com.ar\/index.php?rest_route=\/wp\/v2\/product"}],"about":[{"href":"https:\/\/demoniomuebles.com.ar\/index.php?rest_route=\/wp\/v2\/types\/product"}],"wp:featuredmedia":[{"embeddable":true,"href":"https:\/\/demoniomuebles.com.ar\/index.php?rest_route=\/wp\/v2\/media\/2303"}],"wp:attachment":[{"href":"https:\/\/demoniomuebles.com.ar\/index.php?rest_route=%2Fwp%2Fv2%2Fmedia&parent=2299"}],"wp:term":[{"taxonomy":"product_brand","embeddable":true,"href":"https:\/\/demoniomuebles.com.ar\/index.php?rest_route=%2Fwp%2Fv2%2Fproduct_brand&post=2299"},{"taxonomy":"product_cat","embeddable":true,"href":"https:\/\/demoniomuebles.com.ar\/index.php?rest_route=%2Fwp%2Fv2%2Fproduct_cat&post=2299"},{"taxonomy":"product_tag","embeddable":true,"href":"https:\/\/demoniomuebles.com.ar\/index.php?rest_route=%2Fwp%2Fv2%2Fproduct_tag&post=2299"}],"curies":[{"name":"wp","href":"https:\/\/api.w.org\/{rel}","templated":true}]}}