{"id":2337,"date":"2025-07-08T12:40:47","date_gmt":"2025-07-08T12:40:47","guid":{"rendered":"https:\/\/demoniomuebles.com.ar\/?post_type=product&#038;p=2337"},"modified":"2025-12-11T17:59:49","modified_gmt":"2025-12-11T17:59:49","slug":"mesa-full-paraiso-130cm","status":"publish","type":"product","link":"https:\/\/demoniomuebles.com.ar\/?product=mesa-full-paraiso-130cm","title":{"rendered":"Mesa Full Paraiso 130cm"},"content":{"rendered":"<p>Mesa full paraiso 130cm de di\u00e1metro<\/p>\n<p>Pata x al piso o x a 5cm del piso<\/p>\n<p>Reborde de 36mm<\/p>\n<p>Base hidrolaca semi mate incolora<\/p>\n<p>Pulida<\/p>\n<p>Terminaci\u00f3n de categor\u00eda estilo petit<\/p>\n<p>Venta Mayorista y Minorista<\/p>\n<p>Env\u00edo a todo el pa\u00eds en 2 bultos<\/p>\n","protected":false},"excerpt":{"rendered":"<p>Mesa full paraiso 130cm de di\u00e1metro Pata x al piso o x a 5cm del piso Reborde de 36mm Base hidrolaca semi mate incolora Pulida Terminaci\u00f3n de categor\u00eda estilo petit Venta Mayorista y Minorista Env\u00edo a todo el pa\u00eds en 2 bultos<\/p>\n","protected":false},"featured_media":2327,"template":"","meta":{"om_disable_all_campaigns":false,"_monsterinsights_skip_tracking":false,"_monsterinsights_sitenote_active":false,"_monsterinsights_sitenote_note":"","_monsterinsights_sitenote_category":0},"product_brand":[],"product_cat":[30,21],"product_tag":[],"class_list":{"0":"post-2337","1":"product","2":"type-product","3":"status-publish","4":"has-post-thumbnail","6":"product_cat-cocina-comedor","7":"product_cat-mesa","8":"wpbf-post","11":"instock","12":"shipping-taxable","13":"purchasable","14":"product-type-simple"},"_links":{"self":[{"href":"https:\/\/demoniomuebles.com.ar\/index.php?rest_route=\/wp\/v2\/product\/2337","targetHints":{"allow":["GET"]}}],"collection":[{"href":"https:\/\/demoniomuebles.com.ar\/index.php?rest_route=\/wp\/v2\/product"}],"about":[{"href":"https:\/\/demoniomuebles.com.ar\/index.php?rest_route=\/wp\/v2\/types\/product"}],"wp:featuredmedia":[{"embeddable":true,"href":"https:\/\/demoniomuebles.com.ar\/index.php?rest_route=\/wp\/v2\/media\/2327"}],"wp:attachment":[{"href":"https:\/\/demoniomuebles.com.ar\/index.php?rest_route=%2Fwp%2Fv2%2Fmedia&parent=2337"}],"wp:term":[{"taxonomy":"product_brand","embeddable":true,"href":"https:\/\/demoniomuebles.com.ar\/index.php?rest_route=%2Fwp%2Fv2%2Fproduct_brand&post=2337"},{"taxonomy":"product_cat","embeddable":true,"href":"https:\/\/demoniomuebles.com.ar\/index.php?rest_route=%2Fwp%2Fv2%2Fproduct_cat&post=2337"},{"taxonomy":"product_tag","embeddable":true,"href":"https:\/\/demoniomuebles.com.ar\/index.php?rest_route=%2Fwp%2Fv2%2Fproduct_tag&post=2337"}],"curies":[{"name":"wp","href":"https:\/\/api.w.org\/{rel}","templated":true}]}}