{"id":2340,"date":"2025-07-10T20:29:01","date_gmt":"2025-07-10T20:29:01","guid":{"rendered":"https:\/\/demoniomuebles.com.ar\/?post_type=product&#038;p=2340"},"modified":"2026-02-04T12:45:57","modified_gmt":"2026-02-04T12:45:57","slug":"banqueta-cuadros-blanca","status":"publish","type":"product","link":"https:\/\/demoniomuebles.com.ar\/?product=banqueta-cuadros-blanca","title":{"rendered":"Banqueta Cuadros Blanca"},"content":{"rendered":"<p>Banqueta Cuadros<\/p>\n<p>base giratoria 360\u00b0 de metal cromada<\/p>\n<p>Asiento Tapizado en ecocuero.<\/p>\n<p>Apoya pies<\/p>\n<p>Sistema hidr\u00e1ulico con palanca<\/p>\n<p>Respaldo medio para garantizar comodidad<\/p>\n<p>Est\u00e9tica y calidad premium \u2714\ufe0f<\/p>\n<p>Medidas:<\/p>\n<p>Ancho: 36 cm.<\/p>\n<p>Altura m\u00ednima del asiento: 60 cm.<\/p>\n<p>Altura m\u00e1xima del asiento: 82 cm.<\/p>\n<p>Profundidad del Asiento: 36 cm.<\/p>\n<p>Alto total: 100 cm.<\/p>\n<p>Env\u00edo a todo el pa\u00eds<\/p>\n<p>Venta Mayorista y Minorista<\/p>\n","protected":false},"excerpt":{"rendered":"<p>Banqueta Cuadros base giratoria 360\u00b0 de metal cromada Asiento Tapizado en ecocuero. Apoya pies Sistema hidr\u00e1ulico con palanca Respaldo medio para garantizar comodidad Est\u00e9tica y calidad premium \u2714\ufe0f Medidas: Ancho: 36 cm. Altura m\u00ednima del asiento: 60 cm. Altura m\u00e1xima del asiento: 82 cm. Profundidad del Asiento: 36 cm. Alto total: 100 cm. Env\u00edo a [&hellip;]<\/p>\n","protected":false},"featured_media":2341,"template":"","meta":{"om_disable_all_campaigns":false,"_monsterinsights_skip_tracking":false,"_monsterinsights_sitenote_active":false,"_monsterinsights_sitenote_note":"","_monsterinsights_sitenote_category":0},"product_brand":[],"product_cat":[22],"product_tag":[],"class_list":{"0":"post-2340","1":"product","2":"type-product","3":"status-publish","4":"has-post-thumbnail","6":"product_cat-silla","7":"wpbf-post","10":"outofstock","11":"shipping-taxable","12":"purchasable","13":"product-type-simple"},"_links":{"self":[{"href":"https:\/\/demoniomuebles.com.ar\/index.php?rest_route=\/wp\/v2\/product\/2340","targetHints":{"allow":["GET"]}}],"collection":[{"href":"https:\/\/demoniomuebles.com.ar\/index.php?rest_route=\/wp\/v2\/product"}],"about":[{"href":"https:\/\/demoniomuebles.com.ar\/index.php?rest_route=\/wp\/v2\/types\/product"}],"wp:featuredmedia":[{"embeddable":true,"href":"https:\/\/demoniomuebles.com.ar\/index.php?rest_route=\/wp\/v2\/media\/2341"}],"wp:attachment":[{"href":"https:\/\/demoniomuebles.com.ar\/index.php?rest_route=%2Fwp%2Fv2%2Fmedia&parent=2340"}],"wp:term":[{"taxonomy":"product_brand","embeddable":true,"href":"https:\/\/demoniomuebles.com.ar\/index.php?rest_route=%2Fwp%2Fv2%2Fproduct_brand&post=2340"},{"taxonomy":"product_cat","embeddable":true,"href":"https:\/\/demoniomuebles.com.ar\/index.php?rest_route=%2Fwp%2Fv2%2Fproduct_cat&post=2340"},{"taxonomy":"product_tag","embeddable":true,"href":"https:\/\/demoniomuebles.com.ar\/index.php?rest_route=%2Fwp%2Fv2%2Fproduct_tag&post=2340"}],"curies":[{"name":"wp","href":"https:\/\/api.w.org\/{rel}","templated":true}]}}