{"id":2445,"date":"2026-02-23T20:07:07","date_gmt":"2026-02-23T20:07:07","guid":{"rendered":"https:\/\/demoniomuebles.com.ar\/?post_type=product&#038;p=2445"},"modified":"2026-02-23T20:07:07","modified_gmt":"2026-02-23T20:07:07","slug":"vanitory-panama","status":"publish","type":"product","link":"https:\/\/demoniomuebles.com.ar\/?product=vanitory-panama","title":{"rendered":"Vanitory Panam\u00e1"},"content":{"rendered":"<p>VANITORY Panam\u00e1<br \/>\n80 = 84cmx93cmx45,1<br \/>\nincluye estructura de hierro 20x20mm<br \/>\nTirador ABS color cobre<br \/>\nPintura electrost\u00e1tica color cobre<br \/>\n60 = 65cmx93cmx45,1cm<br \/>\nMDF 25MM<br \/>\nPuerta basculante con pist\u00f3n a gas para lugar de guardado.<br \/>\nBandeja inferior<br \/>\nColores titanio \/\/ crema<br \/>\nIncluye bicha [no loza]<\/p>\n<p>Importado<br \/>\nEnvio a todo el pa\u00eds<br \/>\nConsultar stock antes de realizar pedido al 116949-3812<\/p>\n","protected":false},"excerpt":{"rendered":"<p>VANITORY Panam\u00e1 80 = 84cmx93cmx45,1 incluye estructura de hierro 20x20mm Tirador ABS color cobre Pintura electrost\u00e1tica color cobre 60 = 65cmx93cmx45,1cm MDF 25MM Puerta basculante con pist\u00f3n a gas para lugar de guardado. Bandeja inferior Colores titanio \/\/ crema Incluye bicha [no loza] Importado Envio a todo el pa\u00eds Consultar stock antes de realizar pedido [&hellip;]<\/p>\n","protected":false},"featured_media":2449,"template":"","meta":{"om_disable_all_campaigns":false,"_monsterinsights_skip_tracking":false,"_monsterinsights_sitenote_active":false,"_monsterinsights_sitenote_note":"","_monsterinsights_sitenote_category":0},"product_brand":[],"product_cat":[57],"product_tag":[],"class_list":{"0":"post-2445","1":"product","2":"type-product","3":"status-publish","4":"has-post-thumbnail","6":"product_cat-vanitory","7":"wpbf-post","10":"instock","11":"shipping-taxable","12":"purchasable","13":"product-type-variable"},"_links":{"self":[{"href":"https:\/\/demoniomuebles.com.ar\/index.php?rest_route=\/wp\/v2\/product\/2445","targetHints":{"allow":["GET"]}}],"collection":[{"href":"https:\/\/demoniomuebles.com.ar\/index.php?rest_route=\/wp\/v2\/product"}],"about":[{"href":"https:\/\/demoniomuebles.com.ar\/index.php?rest_route=\/wp\/v2\/types\/product"}],"wp:featuredmedia":[{"embeddable":true,"href":"https:\/\/demoniomuebles.com.ar\/index.php?rest_route=\/wp\/v2\/media\/2449"}],"wp:attachment":[{"href":"https:\/\/demoniomuebles.com.ar\/index.php?rest_route=%2Fwp%2Fv2%2Fmedia&parent=2445"}],"wp:term":[{"taxonomy":"product_brand","embeddable":true,"href":"https:\/\/demoniomuebles.com.ar\/index.php?rest_route=%2Fwp%2Fv2%2Fproduct_brand&post=2445"},{"taxonomy":"product_cat","embeddable":true,"href":"https:\/\/demoniomuebles.com.ar\/index.php?rest_route=%2Fwp%2Fv2%2Fproduct_cat&post=2445"},{"taxonomy":"product_tag","embeddable":true,"href":"https:\/\/demoniomuebles.com.ar\/index.php?rest_route=%2Fwp%2Fv2%2Fproduct_tag&post=2445"}],"curies":[{"name":"wp","href":"https:\/\/api.w.org\/{rel}","templated":true}]}}