{"id":304,"date":"2021-11-12T14:38:42","date_gmt":"2021-11-12T14:38:42","guid":{"rendered":"https:\/\/demoniomuebles.com.ar\/?post_type=product&#038;p=304"},"modified":"2025-12-11T17:58:34","modified_gmt":"2025-12-11T17:58:34","slug":"mesa-full-paraiso","status":"publish","type":"product","link":"https:\/\/demoniomuebles.com.ar\/?product=mesa-full-paraiso","title":{"rendered":"Mesa Full Paraiso pata degrad\u00e9 180&#215;90"},"content":{"rendered":"<p>Mesa de cocina comedor<\/p>\n<p>Full paraiso<\/p>\n<p>180cm x 90cm de alto<\/p>\n<p>Hidrolaqueado semi mate incolora<\/p>\n<p>con reborde de 36mm<\/p>\n<p>Estructura paraiso macizo con detalle de categor\u00eda en los \u00e1ngulos.<\/p>\n<p>Pata degrad\u00e9<\/p>\n<p>Hecho a Mano<\/p>\n<p>Directo de F\u00e1brica<\/p>\n<p>A045<\/p>\n","protected":false},"excerpt":{"rendered":"<p>Mesa de cocina comedor Full paraiso 180cm x 90cm de alto Hidrolaqueado semi mate incolora con reborde de 36mm Estructura paraiso macizo con detalle de categor\u00eda en los \u00e1ngulos. Pata degrad\u00e9 Hecho a Mano Directo de F\u00e1brica A045<\/p>\n","protected":false},"featured_media":305,"template":"","meta":{"om_disable_all_campaigns":false,"_monsterinsights_skip_tracking":false,"_monsterinsights_sitenote_active":false,"_monsterinsights_sitenote_note":"","_monsterinsights_sitenote_category":0},"product_brand":[],"product_cat":[30,21],"product_tag":[],"class_list":{"0":"post-304","1":"product","2":"type-product","3":"status-publish","4":"has-post-thumbnail","6":"product_cat-cocina-comedor","7":"product_cat-mesa","8":"wpbf-post","11":"instock","12":"shipping-taxable","13":"purchasable","14":"product-type-simple"},"_links":{"self":[{"href":"https:\/\/demoniomuebles.com.ar\/index.php?rest_route=\/wp\/v2\/product\/304","targetHints":{"allow":["GET"]}}],"collection":[{"href":"https:\/\/demoniomuebles.com.ar\/index.php?rest_route=\/wp\/v2\/product"}],"about":[{"href":"https:\/\/demoniomuebles.com.ar\/index.php?rest_route=\/wp\/v2\/types\/product"}],"wp:featuredmedia":[{"embeddable":true,"href":"https:\/\/demoniomuebles.com.ar\/index.php?rest_route=\/wp\/v2\/media\/305"}],"wp:attachment":[{"href":"https:\/\/demoniomuebles.com.ar\/index.php?rest_route=%2Fwp%2Fv2%2Fmedia&parent=304"}],"wp:term":[{"taxonomy":"product_brand","embeddable":true,"href":"https:\/\/demoniomuebles.com.ar\/index.php?rest_route=%2Fwp%2Fv2%2Fproduct_brand&post=304"},{"taxonomy":"product_cat","embeddable":true,"href":"https:\/\/demoniomuebles.com.ar\/index.php?rest_route=%2Fwp%2Fv2%2Fproduct_cat&post=304"},{"taxonomy":"product_tag","embeddable":true,"href":"https:\/\/demoniomuebles.com.ar\/index.php?rest_route=%2Fwp%2Fv2%2Fproduct_tag&post=304"}],"curies":[{"name":"wp","href":"https:\/\/api.w.org\/{rel}","templated":true}]}}