{"id":341,"date":"2021-11-12T15:09:42","date_gmt":"2021-11-12T15:09:42","guid":{"rendered":"https:\/\/demoniomuebles.com.ar\/?post_type=product&#038;p=341"},"modified":"2025-12-11T17:58:35","modified_gmt":"2025-12-11T17:58:35","slug":"mesa-cocina-comedor-7","status":"publish","type":"product","link":"https:\/\/demoniomuebles.com.ar\/?product=mesa-cocina-comedor-7","title":{"rendered":"Mesa 120cm Cocina Comedor"},"content":{"rendered":"<p>Full Para\u00edso<\/p>\n<p>120cm de di\u00e1metro<\/p>\n<p>Reborde de 36mm<\/p>\n<p>Base hidrolaca semi mate incolora<\/p>\n<p>Hecho a Mano<\/p>\n<p>Directo de F\u00e1brica<\/p>\n<p>A039<\/p>\n","protected":false},"excerpt":{"rendered":"<p>Full Para\u00edso 120cm de di\u00e1metro Reborde de 36mm Base hidrolaca semi mate incolora Hecho a Mano Directo de F\u00e1brica A039<\/p>\n","protected":false},"featured_media":343,"template":"","meta":{"om_disable_all_campaigns":false,"_monsterinsights_skip_tracking":false,"_monsterinsights_sitenote_active":false,"_monsterinsights_sitenote_note":"","_monsterinsights_sitenote_category":0},"product_brand":[],"product_cat":[30,21],"product_tag":[],"class_list":{"0":"post-341","1":"product","2":"type-product","3":"status-publish","4":"has-post-thumbnail","6":"product_cat-cocina-comedor","7":"product_cat-mesa","8":"wpbf-post","11":"instock","12":"shipping-taxable","13":"purchasable","14":"product-type-simple"},"_links":{"self":[{"href":"https:\/\/demoniomuebles.com.ar\/index.php?rest_route=\/wp\/v2\/product\/341","targetHints":{"allow":["GET"]}}],"collection":[{"href":"https:\/\/demoniomuebles.com.ar\/index.php?rest_route=\/wp\/v2\/product"}],"about":[{"href":"https:\/\/demoniomuebles.com.ar\/index.php?rest_route=\/wp\/v2\/types\/product"}],"wp:featuredmedia":[{"embeddable":true,"href":"https:\/\/demoniomuebles.com.ar\/index.php?rest_route=\/wp\/v2\/media\/343"}],"wp:attachment":[{"href":"https:\/\/demoniomuebles.com.ar\/index.php?rest_route=%2Fwp%2Fv2%2Fmedia&parent=341"}],"wp:term":[{"taxonomy":"product_brand","embeddable":true,"href":"https:\/\/demoniomuebles.com.ar\/index.php?rest_route=%2Fwp%2Fv2%2Fproduct_brand&post=341"},{"taxonomy":"product_cat","embeddable":true,"href":"https:\/\/demoniomuebles.com.ar\/index.php?rest_route=%2Fwp%2Fv2%2Fproduct_cat&post=341"},{"taxonomy":"product_tag","embeddable":true,"href":"https:\/\/demoniomuebles.com.ar\/index.php?rest_route=%2Fwp%2Fv2%2Fproduct_tag&post=341"}],"curies":[{"name":"wp","href":"https:\/\/api.w.org\/{rel}","templated":true}]}}