{"id":559,"date":"2021-12-03T12:09:28","date_gmt":"2021-12-03T12:09:28","guid":{"rendered":"https:\/\/demoniomuebles.com.ar\/?post_type=product&#038;p=559"},"modified":"2025-12-11T17:58:36","modified_gmt":"2025-12-11T17:58:36","slug":"rack-full","status":"publish","type":"product","link":"https:\/\/demoniomuebles.com.ar\/?product=rack-full","title":{"rendered":"Rack paraiso 2 puertas 1 cajon 1 estante 160cmx40cmx60cm"},"content":{"rendered":"<p>2 Puertas 1 Caj\u00f3n\u00a0 y 1Estante<\/p>\n<p>Con gu\u00edas telesc\u00f3picas y cierre invisible<\/p>\n<p>160cm. x 40cm. x 60 cm. de Alto<\/p>\n<p>Para\u00edso hidrolaca semi mate incolora<\/p>\n<p>Hecho a Mano<\/p>\n<p>Fabricaci\u00f3n Propio<\/p>\n<p>A066<\/p>\n","protected":false},"excerpt":{"rendered":"<p>2 Puertas 1 Caj\u00f3n\u00a0 y 1Estante Con gu\u00edas telesc\u00f3picas y cierre invisible 160cm. x 40cm. x 60 cm. de Alto Para\u00edso hidrolaca semi mate incolora Hecho a Mano Fabricaci\u00f3n Propio A066<\/p>\n","protected":false},"featured_media":1196,"template":"","meta":{"om_disable_all_campaigns":false,"_monsterinsights_skip_tracking":false,"_monsterinsights_sitenote_active":false,"_monsterinsights_sitenote_note":"","_monsterinsights_sitenote_category":0},"product_brand":[],"product_cat":[37],"product_tag":[],"class_list":{"0":"post-559","1":"product","2":"type-product","3":"status-publish","4":"has-post-thumbnail","6":"product_cat-rack","7":"wpbf-post","10":"instock","11":"shipping-taxable","12":"purchasable","13":"product-type-simple"},"_links":{"self":[{"href":"https:\/\/demoniomuebles.com.ar\/index.php?rest_route=\/wp\/v2\/product\/559","targetHints":{"allow":["GET"]}}],"collection":[{"href":"https:\/\/demoniomuebles.com.ar\/index.php?rest_route=\/wp\/v2\/product"}],"about":[{"href":"https:\/\/demoniomuebles.com.ar\/index.php?rest_route=\/wp\/v2\/types\/product"}],"wp:featuredmedia":[{"embeddable":true,"href":"https:\/\/demoniomuebles.com.ar\/index.php?rest_route=\/wp\/v2\/media\/1196"}],"wp:attachment":[{"href":"https:\/\/demoniomuebles.com.ar\/index.php?rest_route=%2Fwp%2Fv2%2Fmedia&parent=559"}],"wp:term":[{"taxonomy":"product_brand","embeddable":true,"href":"https:\/\/demoniomuebles.com.ar\/index.php?rest_route=%2Fwp%2Fv2%2Fproduct_brand&post=559"},{"taxonomy":"product_cat","embeddable":true,"href":"https:\/\/demoniomuebles.com.ar\/index.php?rest_route=%2Fwp%2Fv2%2Fproduct_cat&post=559"},{"taxonomy":"product_tag","embeddable":true,"href":"https:\/\/demoniomuebles.com.ar\/index.php?rest_route=%2Fwp%2Fv2%2Fproduct_tag&post=559"}],"curies":[{"name":"wp","href":"https:\/\/api.w.org\/{rel}","templated":true}]}}