{"id":562,"date":"2021-12-03T12:12:32","date_gmt":"2021-12-03T12:12:32","guid":{"rendered":"https:\/\/demoniomuebles.com.ar\/?post_type=product&#038;p=562"},"modified":"2025-12-11T17:58:36","modified_gmt":"2025-12-11T17:58:36","slug":"mesa-de-luz-3","status":"publish","type":"product","link":"https:\/\/demoniomuebles.com.ar\/?product=mesa-de-luz-3","title":{"rendered":"Mesa de Luz"},"content":{"rendered":"<p>2 Cajones con gu\u00edas<\/p>\n<p>40cm. x 30cm. de Profundidad x 70 cm. de Alto<\/p>\n<p>Para\u00edso Hidrolaqueado semi mate incolora<\/p>\n<p>Hecho a Mano<\/p>\n<p>Fabricaci\u00f3n Propia<\/p>\n<p>A134<\/p>\n","protected":false},"excerpt":{"rendered":"<p>2 Cajones con gu\u00edas 40cm. x 30cm. de Profundidad x 70 cm. de Alto Para\u00edso Hidrolaqueado semi mate incolora Hecho a Mano Fabricaci\u00f3n Propia A134<\/p>\n","protected":false},"featured_media":564,"template":"","meta":{"om_disable_all_campaigns":false,"_monsterinsights_skip_tracking":false,"_monsterinsights_sitenote_active":false,"_monsterinsights_sitenote_note":"","_monsterinsights_sitenote_category":0},"product_brand":[],"product_cat":[25],"product_tag":[],"class_list":{"0":"post-562","1":"product","2":"type-product","3":"status-publish","4":"has-post-thumbnail","6":"product_cat-mesa-de-luz","7":"wpbf-post","10":"instock","11":"shipping-taxable","12":"purchasable","13":"product-type-simple"},"_links":{"self":[{"href":"https:\/\/demoniomuebles.com.ar\/index.php?rest_route=\/wp\/v2\/product\/562","targetHints":{"allow":["GET"]}}],"collection":[{"href":"https:\/\/demoniomuebles.com.ar\/index.php?rest_route=\/wp\/v2\/product"}],"about":[{"href":"https:\/\/demoniomuebles.com.ar\/index.php?rest_route=\/wp\/v2\/types\/product"}],"wp:featuredmedia":[{"embeddable":true,"href":"https:\/\/demoniomuebles.com.ar\/index.php?rest_route=\/wp\/v2\/media\/564"}],"wp:attachment":[{"href":"https:\/\/demoniomuebles.com.ar\/index.php?rest_route=%2Fwp%2Fv2%2Fmedia&parent=562"}],"wp:term":[{"taxonomy":"product_brand","embeddable":true,"href":"https:\/\/demoniomuebles.com.ar\/index.php?rest_route=%2Fwp%2Fv2%2Fproduct_brand&post=562"},{"taxonomy":"product_cat","embeddable":true,"href":"https:\/\/demoniomuebles.com.ar\/index.php?rest_route=%2Fwp%2Fv2%2Fproduct_cat&post=562"},{"taxonomy":"product_tag","embeddable":true,"href":"https:\/\/demoniomuebles.com.ar\/index.php?rest_route=%2Fwp%2Fv2%2Fproduct_tag&post=562"}],"curies":[{"name":"wp","href":"https:\/\/api.w.org\/{rel}","templated":true}]}}