{"id":620,"date":"2022-03-29T01:11:45","date_gmt":"2022-03-29T01:11:45","guid":{"rendered":"https:\/\/demoniomuebles.com.ar\/?post_type=product&#038;p=620"},"modified":"2025-12-11T17:58:39","modified_gmt":"2025-12-11T17:58:39","slug":"rack-3-cajones-con-corredera","status":"publish","type":"product","link":"https:\/\/demoniomuebles.com.ar\/?product=rack-3-cajones-con-corredera","title":{"rendered":"Rack 3 Cajones \/ puertas 150cmx40cmx70cm"},"content":{"rendered":"<p>Rack 3 cajones con correderas telesc\u00f3picas doble estante con fondo<\/p>\n<p>full para\u00edso 150cm x 40cm x 70cm de alto<\/p>\n<p>hidrolaqueado semi mate incoloro<\/p>\n<p>Tambi\u00e9n lo hacemos con 3 puertas para aprovechar mejor el espacio<\/p>\n<p>Cierre sistema push.<\/p>\n<p>a0662<\/p>\n","protected":false},"excerpt":{"rendered":"<p>Rack 3 cajones con correderas telesc\u00f3picas doble estante con fondo full para\u00edso 150cm x 40cm x 70cm de alto hidrolaqueado semi mate incoloro Tambi\u00e9n lo hacemos con 3 puertas para aprovechar mejor el espacio Cierre sistema push. a0662<\/p>\n","protected":false},"featured_media":623,"template":"","meta":{"om_disable_all_campaigns":false,"_monsterinsights_skip_tracking":false,"_monsterinsights_sitenote_active":false,"_monsterinsights_sitenote_note":"","_monsterinsights_sitenote_category":0},"product_brand":[],"product_cat":[37],"product_tag":[],"class_list":{"0":"post-620","1":"product","2":"type-product","3":"status-publish","4":"has-post-thumbnail","6":"product_cat-rack","7":"wpbf-post","10":"instock","11":"shipping-taxable","12":"purchasable","13":"product-type-simple"},"_links":{"self":[{"href":"https:\/\/demoniomuebles.com.ar\/index.php?rest_route=\/wp\/v2\/product\/620","targetHints":{"allow":["GET"]}}],"collection":[{"href":"https:\/\/demoniomuebles.com.ar\/index.php?rest_route=\/wp\/v2\/product"}],"about":[{"href":"https:\/\/demoniomuebles.com.ar\/index.php?rest_route=\/wp\/v2\/types\/product"}],"wp:featuredmedia":[{"embeddable":true,"href":"https:\/\/demoniomuebles.com.ar\/index.php?rest_route=\/wp\/v2\/media\/623"}],"wp:attachment":[{"href":"https:\/\/demoniomuebles.com.ar\/index.php?rest_route=%2Fwp%2Fv2%2Fmedia&parent=620"}],"wp:term":[{"taxonomy":"product_brand","embeddable":true,"href":"https:\/\/demoniomuebles.com.ar\/index.php?rest_route=%2Fwp%2Fv2%2Fproduct_brand&post=620"},{"taxonomy":"product_cat","embeddable":true,"href":"https:\/\/demoniomuebles.com.ar\/index.php?rest_route=%2Fwp%2Fv2%2Fproduct_cat&post=620"},{"taxonomy":"product_tag","embeddable":true,"href":"https:\/\/demoniomuebles.com.ar\/index.php?rest_route=%2Fwp%2Fv2%2Fproduct_tag&post=620"}],"curies":[{"name":"wp","href":"https:\/\/api.w.org\/{rel}","templated":true}]}}