{"id":739,"date":"2022-06-10T12:25:20","date_gmt":"2022-06-10T12:25:20","guid":{"rendered":"https:\/\/demoniomuebles.com.ar\/?post_type=product&#038;p=739"},"modified":"2025-12-11T17:58:45","modified_gmt":"2025-12-11T17:58:45","slug":"mesa-full-paraiso-cuadrada","status":"publish","type":"product","link":"https:\/\/demoniomuebles.com.ar\/?product=mesa-full-paraiso-cuadrada","title":{"rendered":"Mesa cocina comedor Full paraiso cuadrada"},"content":{"rendered":"<p>Mesa de cocina comedor<\/p>\n<p>Full paraiso<\/p>\n<p>Medidas: 140 cm x 140 cm<\/p>\n<p>Reborde 36mm<\/p>\n<p>Pata central<\/p>\n<p>Estable y muy c\u00f3moda<\/p>\n<p>Hecho a Mano Directo de F\u00e1brica<\/p>\n<p>Producci\u00f3n nacional<\/p>\n","protected":false},"excerpt":{"rendered":"<p>Mesa de cocina comedor Full paraiso Medidas: 140 cm x 140 cm Reborde 36mm Pata central Estable y muy c\u00f3moda Hecho a Mano Directo de F\u00e1brica Producci\u00f3n nacional<\/p>\n","protected":false},"featured_media":740,"template":"","meta":{"om_disable_all_campaigns":false,"_monsterinsights_skip_tracking":false,"_monsterinsights_sitenote_active":false,"_monsterinsights_sitenote_note":"","_monsterinsights_sitenote_category":0},"product_brand":[],"product_cat":[30,21],"product_tag":[],"class_list":{"0":"post-739","1":"product","2":"type-product","3":"status-publish","4":"has-post-thumbnail","6":"product_cat-cocina-comedor","7":"product_cat-mesa","8":"wpbf-post","11":"instock","12":"shipping-taxable","13":"purchasable","14":"product-type-simple"},"_links":{"self":[{"href":"https:\/\/demoniomuebles.com.ar\/index.php?rest_route=\/wp\/v2\/product\/739","targetHints":{"allow":["GET"]}}],"collection":[{"href":"https:\/\/demoniomuebles.com.ar\/index.php?rest_route=\/wp\/v2\/product"}],"about":[{"href":"https:\/\/demoniomuebles.com.ar\/index.php?rest_route=\/wp\/v2\/types\/product"}],"wp:featuredmedia":[{"embeddable":true,"href":"https:\/\/demoniomuebles.com.ar\/index.php?rest_route=\/wp\/v2\/media\/740"}],"wp:attachment":[{"href":"https:\/\/demoniomuebles.com.ar\/index.php?rest_route=%2Fwp%2Fv2%2Fmedia&parent=739"}],"wp:term":[{"taxonomy":"product_brand","embeddable":true,"href":"https:\/\/demoniomuebles.com.ar\/index.php?rest_route=%2Fwp%2Fv2%2Fproduct_brand&post=739"},{"taxonomy":"product_cat","embeddable":true,"href":"https:\/\/demoniomuebles.com.ar\/index.php?rest_route=%2Fwp%2Fv2%2Fproduct_cat&post=739"},{"taxonomy":"product_tag","embeddable":true,"href":"https:\/\/demoniomuebles.com.ar\/index.php?rest_route=%2Fwp%2Fv2%2Fproduct_tag&post=739"}],"curies":[{"name":"wp","href":"https:\/\/api.w.org\/{rel}","templated":true}]}}