{"id":802,"date":"2022-07-19T22:57:28","date_gmt":"2022-07-19T22:57:28","guid":{"rendered":"https:\/\/demoniomuebles.com.ar\/?post_type=product&#038;p=802"},"modified":"2025-12-11T17:58:49","modified_gmt":"2025-12-11T17:58:49","slug":"silla-wishbone-cano-negro-tejidas-simil-yute-color-arena","status":"publish","type":"product","link":"https:\/\/demoniomuebles.com.ar\/?product=silla-wishbone-cano-negro-tejidas-simil-yute-color-arena","title":{"rendered":"Silla Wishbone Ca\u00f1o Negro Tejidas S\u00edmil Yute Color Arena"},"content":{"rendered":"<p>Silla wishbone estructura en ca\u00f1o negro pintado a horno de calidad premium<\/p>\n<p>asiento simil yute<\/p>\n<p>Reforzada<\/p>\n<p>6a60 cm x 48 cm x 76cm alto al respaldo<\/p>\n","protected":false},"excerpt":{"rendered":"<p>Silla wishbone estructura en ca\u00f1o negro pintado a horno de calidad premium asiento simil yute Reforzada 6a60 cm x 48 cm x 76cm alto al respaldo<\/p>\n","protected":false},"featured_media":803,"template":"","meta":{"om_disable_all_campaigns":false,"_monsterinsights_skip_tracking":false,"_monsterinsights_sitenote_active":false,"_monsterinsights_sitenote_note":"","_monsterinsights_sitenote_category":0},"product_brand":[],"product_cat":[22],"product_tag":[],"class_list":{"0":"post-802","1":"product","2":"type-product","3":"status-publish","4":"has-post-thumbnail","6":"product_cat-silla","7":"wpbf-post","10":"instock","11":"sale","12":"shipping-taxable","13":"purchasable","14":"product-type-simple"},"_links":{"self":[{"href":"https:\/\/demoniomuebles.com.ar\/index.php?rest_route=\/wp\/v2\/product\/802","targetHints":{"allow":["GET"]}}],"collection":[{"href":"https:\/\/demoniomuebles.com.ar\/index.php?rest_route=\/wp\/v2\/product"}],"about":[{"href":"https:\/\/demoniomuebles.com.ar\/index.php?rest_route=\/wp\/v2\/types\/product"}],"wp:featuredmedia":[{"embeddable":true,"href":"https:\/\/demoniomuebles.com.ar\/index.php?rest_route=\/wp\/v2\/media\/803"}],"wp:attachment":[{"href":"https:\/\/demoniomuebles.com.ar\/index.php?rest_route=%2Fwp%2Fv2%2Fmedia&parent=802"}],"wp:term":[{"taxonomy":"product_brand","embeddable":true,"href":"https:\/\/demoniomuebles.com.ar\/index.php?rest_route=%2Fwp%2Fv2%2Fproduct_brand&post=802"},{"taxonomy":"product_cat","embeddable":true,"href":"https:\/\/demoniomuebles.com.ar\/index.php?rest_route=%2Fwp%2Fv2%2Fproduct_cat&post=802"},{"taxonomy":"product_tag","embeddable":true,"href":"https:\/\/demoniomuebles.com.ar\/index.php?rest_route=%2Fwp%2Fv2%2Fproduct_tag&post=802"}],"curies":[{"name":"wp","href":"https:\/\/api.w.org\/{rel}","templated":true}]}}